{"id":42,"date":"2015-09-02T14:07:39","date_gmt":"2015-09-02T12:07:39","guid":{"rendered":"http:\/\/www.stemmer-elektrotechnik.de\/?page_id=42"},"modified":"2020-10-22T09:41:53","modified_gmt":"2020-10-22T07:41:53","slug":"startseite","status":"publish","type":"page","link":"https:\/\/www.stemmer-elektrotechnik.de\/startseite\/","title":{"rendered":"Startseite"},"content":{"rendered":"<div id=\"pl-42\"  class=\"panel-layout\" ><div id=\"pg-42-0\"  class=\"panel-grid panel-no-style\" ><div id=\"pgc-42-0-0\"  class=\"panel-grid-cell\" ><div id=\"panel-42-0-0-0\" class=\"so-panel widget widget_text panel-first-child\" data-index=\"0\" ><h3 class=\"widget-title\">Herzlich Willkommen bei STEMMER ELEKTROTECHNIK<\/h3>\t\t\t<div class=\"textwidget\"><p>Liebe Kundinnen und Kunden,<\/p>\n<p>bitte beachten Sie, dass wir ab sofort keine Neukunden mehr aufnehmen k\u00f6nnen.<\/p>\n<p>Zurzeit ist die Nachfrage\u00a0sehr hoch. Wir arbeiten weiterhin daran, dass unsere Kunden\u00a0in gewohnter Qualit\u00e4t und Zuverl\u00e4ssigkeit beliefert werden k\u00f6nnen.<\/p>\n<p>Deswegen haben wir leider einen Aufnahme-Stop f\u00fcr Neukunden. Wir bitten um Ihr Verst\u00e4ndnis.<\/p>\n<p>Nat\u00fcrlich informieren wir Sie, sobald sich die Lage wieder entspannt hat und wir auch wieder Neukunden bei uns aufnehmen k\u00f6nnen.<\/p>\n<\/div>\n\t\t<\/div><div id=\"panel-42-0-0-1\" class=\"so-panel widget widget_sow-slider panel-last-child\" data-index=\"1\" ><div\n\t\t\t\n\t\t\tclass=\"so-widget-sow-slider so-widget-sow-slider-default-6d39609536fd-42\"\n\t\t\t\n\t\t>\t\t\t\t<div class=\"sow-slider-base\" style=\"display: none\" tabindex=\"0\">\n\t\t\t\t\t<ul\n\t\t\t\t\tclass=\"sow-slider-images\"\n\t\t\t\t\tdata-settings=\"{&quot;pagination&quot;:true,&quot;speed&quot;:800,&quot;timeout&quot;:4000,&quot;paused&quot;:false,&quot;pause_on_hover&quot;:false,&quot;swipe&quot;:true,&quot;nav_always_show_desktop&quot;:&quot;&quot;,&quot;nav_always_show_mobile&quot;:&quot;&quot;,&quot;breakpoint&quot;:&quot;780px&quot;,&quot;unmute&quot;:false,&quot;anchor&quot;:null}\"\n\t\t\t\t\t\t\t\t\t\tdata-anchor-id=\"\"\n\t\t\t\t>\t\t<li class=\"sow-slider-image\" style=\"visibility: visible;\" >\n\t\t\t\t\t\t<img loading=\"lazy\" decoding=\"async\" width=\"1010\" height=\"437\" src=\"https:\/\/www.stemmer-elektrotechnik.de\/wp-content\/uploads\/2018\/09\/4.jpg\" class=\"sow-slider-background-image\" alt=\"\" style=\"\" srcset=\"https:\/\/www.stemmer-elektrotechnik.de\/wp-content\/uploads\/2018\/09\/4.jpg 1010w, https:\/\/www.stemmer-elektrotechnik.de\/wp-content\/uploads\/2018\/09\/4-300x130.jpg 300w, https:\/\/www.stemmer-elektrotechnik.de\/wp-content\/uploads\/2018\/09\/4-768x332.jpg 768w\" sizes=\"auto, (max-width: 1010px) 100vw, 1010px\" \/>\t\t<\/li>\n\t\t\t\t<li class=\"sow-slider-image\" style=\"visibility: hidden;\" >\n\t\t\t\t\t\t<img loading=\"lazy\" decoding=\"async\" width=\"1010\" height=\"437\" src=\"https:\/\/www.stemmer-elektrotechnik.de\/wp-content\/uploads\/2019\/04\/friseur.jpg\" class=\"sow-slider-background-image\" alt=\"\" style=\"\" srcset=\"https:\/\/www.stemmer-elektrotechnik.de\/wp-content\/uploads\/2019\/04\/friseur.jpg 1010w, https:\/\/www.stemmer-elektrotechnik.de\/wp-content\/uploads\/2019\/04\/friseur-300x130.jpg 300w, https:\/\/www.stemmer-elektrotechnik.de\/wp-content\/uploads\/2019\/04\/friseur-768x332.jpg 768w\" sizes=\"auto, (max-width: 1010px) 100vw, 1010px\" \/>\t\t<\/li>\n\t\t<\/ul>\t\t\t\t<ol class=\"sow-slider-pagination\">\n\t\t\t\t\t\t\t\t\t\t\t<li><a href=\"#\" data-goto=\"0\" aria-label=\"Display slide 1\"><\/a><\/li>\n\t\t\t\t\t\t\t\t\t\t\t<li><a href=\"#\" data-goto=\"1\" aria-label=\"Display slide 2\"><\/a><\/li>\n\t\t\t\t\t\t\t\t\t<\/ol>\n\n\t\t\t\t<div class=\"sow-slide-nav sow-slide-nav-next\">\n\t\t\t\t\t<a href=\"#\" data-goto=\"next\" aria-label=\"Next slide\" data-action=\"next\">\n\t\t\t\t\t\t<em class=\"sow-sld-icon-thin-right\"><\/em>\n\t\t\t\t\t<\/a>\n\t\t\t\t<\/div>\n\n\t\t\t\t<div class=\"sow-slide-nav sow-slide-nav-prev\">\n\t\t\t\t\t<a href=\"#\" data-goto=\"previous\" aria-label=\"Previous slide\" data-action=\"prev\">\n\t\t\t\t\t\t<em class=\"sow-sld-icon-thin-left\"><\/em>\n\t\t\t\t\t<\/a>\n\t\t\t\t<\/div>\n\t\t\t\t<\/div><\/div><\/div><\/div><\/div><div id=\"pg-42-1\"  class=\"panel-grid panel-no-style\" ><div id=\"pgc-42-1-0\"  class=\"panel-grid-cell\" ><div id=\"panel-42-1-0-0\" class=\"so-panel widget widget_black-studio-tinymce widget_black_studio_tinymce panel-first-child panel-last-child\" data-index=\"2\" ><h3 class=\"widget-title\">Unsere Erfahrung<\/h3><div class=\"textwidget\"><p>Wir bieten unseren Kunden modernste fachliche Kompetenz, Qualit\u00e4t und Zuverl\u00e4ssigkeit.<\/p>\n<\/div><\/div><\/div><div id=\"pgc-42-1-1\"  class=\"panel-grid-cell\" ><div id=\"panel-42-1-1-0\" class=\"so-panel widget widget_black-studio-tinymce widget_black_studio_tinymce panel-first-child panel-last-child\" data-index=\"3\" ><h3 class=\"widget-title\">Unser Service<\/h3><div class=\"textwidget\"><p>Ebenso wichtig wie die technisch einwandfreie Umsetzung eines Projekts ist unserem Team die fachliche Beratung der Kunden.<br \/> Von der Planung bis zur Fertigstellung - wir sind immer pr\u00e4sent.<\/p>\n<\/div><\/div><\/div><\/div><\/div>","protected":false},"excerpt":{"rendered":"<p>Liebe Kundinnen und Kunden, bitte beachten Sie, dass wir ab sofort keine Neukunden mehr aufnehmen k\u00f6nnen. Zurzeit ist die Nachfrage\u00a0sehr hoch. Wir arbeiten weiterhin daran, dass unsere Kunden\u00a0in gewohnter Qualit\u00e4t und Zuverl\u00e4ssigkeit beliefert werden k\u00f6nnen. Deswegen haben wir leider einen Aufnahme-Stop f\u00fcr Neukunden. Wir bitten um Ihr Verst\u00e4ndnis. Nat\u00fcrlich informieren wir Sie, sobald sich die [&hellip;]<\/p>\n","protected":false},"author":1,"featured_media":0,"parent":0,"menu_order":0,"comment_status":"closed","ping_status":"closed","template":"home-panels.php","meta":{"footnotes":""},"class_list":["post-42","page","type-page","status-publish","hentry","post"],"_links":{"self":[{"href":"https:\/\/www.stemmer-elektrotechnik.de\/startseite\/index.php?rest_route=\/wp\/v2\/pages\/42","targetHints":{"allow":["GET"]}}],"collection":[{"href":"https:\/\/www.stemmer-elektrotechnik.de\/startseite\/index.php?rest_route=\/wp\/v2\/pages"}],"about":[{"href":"https:\/\/www.stemmer-elektrotechnik.de\/startseite\/index.php?rest_route=\/wp\/v2\/types\/page"}],"author":[{"embeddable":true,"href":"https:\/\/www.stemmer-elektrotechnik.de\/startseite\/index.php?rest_route=\/wp\/v2\/users\/1"}],"replies":[{"embeddable":true,"href":"https:\/\/www.stemmer-elektrotechnik.de\/startseite\/index.php?rest_route=%2Fwp%2Fv2%2Fcomments&post=42"}],"version-history":[{"count":31,"href":"https:\/\/www.stemmer-elektrotechnik.de\/startseite\/index.php?rest_route=\/wp\/v2\/pages\/42\/revisions"}],"predecessor-version":[{"id":306,"href":"https:\/\/www.stemmer-elektrotechnik.de\/startseite\/index.php?rest_route=\/wp\/v2\/pages\/42\/revisions\/306"}],"wp:attachment":[{"href":"https:\/\/www.stemmer-elektrotechnik.de\/startseite\/index.php?rest_route=%2Fwp%2Fv2%2Fmedia&parent=42"}],"curies":[{"name":"wp","href":"https:\/\/api.w.org\/{rel}","templated":true}]}}